{"id":109,"date":"2019-10-03T08:54:20","date_gmt":"2019-10-03T08:54:20","guid":{"rendered":"http:\/\/wpdemo.archiwp.com\/onum\/?page_id=109"},"modified":"2025-04-10T23:52:35","modified_gmt":"2025-04-11T03:52:35","slug":"contacto","status":"publish","type":"page","link":"https:\/\/nextopmarketing.com\/?page_id=109","title":{"rendered":"Contacto"},"content":{"rendered":"\t\t<div data-elementor-type=\"wp-page\" data-elementor-id=\"109\" class=\"elementor elementor-109\">\n\t\t\t\t\t\t<section class=\"elementor-section elementor-top-section elementor-element elementor-element-5816b60 elementor-section-content-middle elementor-section-boxed elementor-section-height-default elementor-section-height-default\" data-id=\"5816b60\" data-element_type=\"section\" data-e-type=\"section\">\n\t\t\t\t\t\t<div class=\"elementor-container elementor-column-gap-extended\">\n\t\t\t\t\t<div class=\"elementor-column elementor-col-50 elementor-top-column elementor-element elementor-element-322fec3 ot-flex-column-vertical\" data-id=\"322fec3\" data-element_type=\"column\" data-e-type=\"column\">\n\t\t\t<div class=\"elementor-widget-wrap elementor-element-populated\">\n\t\t\t\t\t\t<section class=\"elementor-section elementor-inner-section elementor-element elementor-element-1e9a80d elementor-section-full_width elementor-section-height-default elementor-section-height-default\" data-id=\"1e9a80d\" data-element_type=\"section\" data-e-type=\"section\" data-settings=\"{&quot;background_background&quot;:&quot;gradient&quot;}\">\n\t\t\t\t\t\t<div class=\"elementor-container elementor-column-gap-no\">\n\t\t\t\t\t<div class=\"elementor-column elementor-col-100 elementor-inner-column elementor-element elementor-element-c73e8ee ot-flex-column-vertical\" data-id=\"c73e8ee\" data-element_type=\"column\" data-e-type=\"column\">\n\t\t\t<div class=\"elementor-widget-wrap elementor-element-populated\">\n\t\t\t\t\t\t<div class=\"elementor-element elementor-element-658a175 elementor-widget elementor-widget-iheading\" data-id=\"658a175\" data-element_type=\"widget\" data-e-type=\"widget\" data-widget_type=\"iheading.default\">\n\t\t\t\t<div class=\"elementor-widget-container\">\n\t\t\t\t\t\t\t<div class=\"ot-heading left-align text-light\">\r\n\t\t\t\r\n\t\t\t\t\r\n\r\n\t        \t            <h6 class=\"sub-heading\"><span>Detalles de contacto<\/span><\/h6>\r\n\t         \r\n\r\n\t        \t        \t<h2 class=\"main-heading\">Nuestros Contactos<\/h2>\r\n\t        \t    <\/div>\r\n\t    \t\t\t\t<\/div>\n\t\t\t\t<\/div>\n\t\t\t\t<div class=\"elementor-element elementor-element-dba913e elementor-widget elementor-widget-text-editor\" data-id=\"dba913e\" data-element_type=\"widget\" data-e-type=\"widget\" data-widget_type=\"text-editor.default\">\n\t\t\t\t<div class=\"elementor-widget-container\">\n\t\t\t\t\t\t\t\t\t<p>Ll\u00e1menos o vis\u00edtenos en cualquier momento, nos esforzamos por responder todas las consultas dentro de las 24 horas en d\u00edas h\u00e1biles. Estaremos encantados de responder a sus preguntas.<\/p>\t\t\t\t\t\t\t\t<\/div>\n\t\t\t\t<\/div>\n\t\t\t\t<div class=\"elementor-element elementor-element-4407c6c elementor-widget elementor-widget-icontact_info\" data-id=\"4407c6c\" data-element_type=\"widget\" data-e-type=\"widget\" data-widget_type=\"icontact_info.default\">\n\t\t\t\t<div class=\"elementor-widget-container\">\n\t\t\t\t\t\t\t\t\t\t    \t<div class=\"contact-info text-light\">\r\n\t\t    \t\t\r\n\t\t\t\t    \t\t\t        <i class=\"flaticon-world\"><\/i>\t\t\t        <div class=\"info-text\">\r\n\t\t\t        \t<h6>Nuestras direcci\u00f3nes:<\/h6>\r\n\t\t\t        \t<p><a href=\"https:\/\/www.google.com\/maps\/place\/Nextop+Marketing\/@18.4817283,-69.9587675,17z\/data=!3m1!4b1!4m6!3m5!1s0x8eaf89fea5270925:0xd37771950cec86bc!8m2!3d18.4817232!4d-69.9561926!16s%2Fg%2F1yfjvnnlt?entry=ttu&g_ep=EgoyMDI1MDQwMi4xIKXMDSoASAFQAw%3D%3D\">Av. John F. Kennedy 88, Santo Domingo 10601<\/a><br><br>\n<a href=\"https:\/\/www.google.com\/maps\/place\/Nextop+Marketing\/@18.4507621,-66.0763269,17z\/data=!3m1!4b1!4m6!3m5!1s0x8c036f006e58f2b1:0x8cd3dd51224d2d4b!8m2!3d18.450757!4d-66.073752!16s%2Fg%2F11m752b3fq?entry=ttu&g_ep=EgoyMDI1MDQwMi4xIKXMDSoASAFQAw%3D%3D\">1225 Av. Juan Ponce de Le\u00f3n PH - 1680, San Juan, 00907<\/a><\/p>\r\n\t\t\t        <\/div>\r\n\t\t\t    <\/div>\r\n\t\t    \t    \t\t\t\t<\/div>\n\t\t\t\t<\/div>\n\t\t\t\t<div class=\"elementor-element elementor-element-05f299e elementor-widget elementor-widget-icontact_info\" data-id=\"05f299e\" data-element_type=\"widget\" data-e-type=\"widget\" data-widget_type=\"icontact_info.default\">\n\t\t\t\t<div class=\"elementor-widget-container\">\n\t\t\t\t\t\t\t\t\t\t    \t<div class=\"contact-info text-light\">\r\n\t\t    \t\t\r\n\t\t\t\t    \t\t\t        <i class=\"flaticon-note\"><\/i>\t\t\t        <div class=\"info-text\">\r\n\t\t\t        \t<h6>nuestros Correo:<\/h6>\r\n\t\t\t        \t<p><a href=\"mailto:info@nextopmarketing.com\">info@nextopmarketing.com<\/a><\/p>\r\n\t\t\t        <\/div>\r\n\t\t\t    <\/div>\r\n\t\t    \t    \t\t\t\t<\/div>\n\t\t\t\t<\/div>\n\t\t\t\t<div class=\"elementor-element elementor-element-22856f4 elementor-widget elementor-widget-icontact_info\" data-id=\"22856f4\" data-element_type=\"widget\" data-e-type=\"widget\" data-widget_type=\"icontact_info.default\">\n\t\t\t\t<div class=\"elementor-widget-container\">\n\t\t\t\t\t\t\t\t\t\t    \t<div class=\"contact-info text-light\">\r\n\t\t    \t\t\r\n\t\t\t\t    \t\t\t        <i class=\"flaticon-viber\"><\/i>\t\t\t        <div class=\"info-text\">\r\n\t\t\t        \t<h6>Nuestros Telefono:<\/h6>\r\n\t\t\t        \t<p><a href=\"tel:+18096287827\">+1-809-628-7827<\/a><\/p>\r\n\t\t\t        <\/div>\r\n\t\t\t    <\/div>\r\n\t\t    \t    \t\t\t\t<\/div>\n\t\t\t\t<\/div>\n\t\t\t\t\t<\/div>\n\t\t<\/div>\n\t\t\t\t\t<\/div>\n\t\t<\/section>\n\t\t\t\t\t<\/div>\n\t\t<\/div>\n\t\t\t\t<div class=\"elementor-column elementor-col-50 elementor-top-column elementor-element elementor-element-2a7f668 ot-flex-column-vertical\" data-id=\"2a7f668\" data-element_type=\"column\" data-e-type=\"column\">\n\t\t\t<div class=\"elementor-widget-wrap elementor-element-populated\">\n\t\t\t\t\t\t<div class=\"elementor-element elementor-element-a558ced elementor-widget elementor-widget-iheading\" data-id=\"a558ced\" data-element_type=\"widget\" data-e-type=\"widget\" data-widget_type=\"iheading.default\">\n\t\t\t\t<div class=\"elementor-widget-container\">\n\t\t\t\t\t\t\t<div class=\"ot-heading left-align\">\r\n\t\t\t\r\n\t\t\t\t\r\n\r\n\t        \t            <h6 class=\"sub-heading\"><span>CONTACTANOS<\/span><\/h6>\r\n\t         \r\n\r\n\t        \t        \t<h2 class=\"main-heading\">\u00bfListo para empezar?<\/h2>\r\n\t        \t    <\/div>\r\n\t    \t\t\t\t<\/div>\n\t\t\t\t<\/div>\n\t\t\t\t<div class=\"elementor-element elementor-element-ce8ae36 elementor-widget elementor-widget-onum-contact-form-7\" data-id=\"ce8ae36\" data-element_type=\"widget\" data-e-type=\"widget\" data-widget_type=\"onum-contact-form-7.default\">\n\t\t\t\t<div class=\"elementor-widget-container\">\n\t\t\t\t\t<div class=\"elementor-shortcode onum-cf7-0\">\n<div class=\"wpcf7 no-js\" id=\"wpcf7-f111-o1\" lang=\"en-US\" dir=\"ltr\" data-wpcf7-id=\"111\">\n<div class=\"screen-reader-response\"><p role=\"status\" aria-live=\"polite\" aria-atomic=\"true\"><\/p> <ul><\/ul><\/div>\n<form action=\"\/index.php?rest_route=%2Fwp%2Fv2%2Fpages%2F109#wpcf7-f111-o1\" method=\"post\" class=\"wpcf7-form init\" aria-label=\"Contact form\" novalidate=\"novalidate\" data-status=\"init\">\n<fieldset class=\"hidden-fields-container\"><input type=\"hidden\" name=\"_wpcf7\" value=\"111\" \/><input type=\"hidden\" name=\"_wpcf7_version\" value=\"6.1.5\" \/><input type=\"hidden\" name=\"_wpcf7_locale\" value=\"en_US\" \/><input type=\"hidden\" name=\"_wpcf7_unit_tag\" value=\"wpcf7-f111-o1\" \/><input type=\"hidden\" name=\"_wpcf7_container_post\" value=\"0\" \/><input type=\"hidden\" name=\"_wpcf7_posted_data_hash\" value=\"\" \/><input type=\"hidden\" name=\"_wpcf7_recaptcha_response\" value=\"\" \/>\n<\/fieldset>\n<p><span class=\"wpcf7-form-control-wrap\" data-name=\"your-name\"><input size=\"40\" maxlength=\"400\" class=\"wpcf7-form-control wpcf7-text wpcf7-validates-as-required\" aria-required=\"true\" aria-invalid=\"false\" placeholder=\"Your Name *\" value=\"\" type=\"text\" name=\"your-name\" \/><\/span>\n<\/p>\n<p><span class=\"wpcf7-form-control-wrap\" data-name=\"your-email\"><input size=\"40\" maxlength=\"400\" class=\"wpcf7-form-control wpcf7-email wpcf7-validates-as-required wpcf7-text wpcf7-validates-as-email\" aria-required=\"true\" aria-invalid=\"false\" placeholder=\"Your Email *\" value=\"\" type=\"email\" name=\"your-email\" \/><\/span>\n<\/p>\n<p><span class=\"wpcf7-form-control-wrap\" data-name=\"your-message\"><textarea cols=\"40\" rows=\"10\" maxlength=\"2000\" class=\"wpcf7-form-control wpcf7-textarea\" aria-invalid=\"false\" placeholder=\"Message...\" name=\"your-message\"><\/textarea><\/span>\n<\/p>\n<p><button type=\"submit\" class=\"wpcf7-submit octf-btn octf-btn-primary octf-btn-icon\">Send Message <i class=\"flaticon-right-arrow-1\"><\/i><\/button>\n<\/p><div class=\"wpcf7-response-output\" aria-hidden=\"true\"><\/div>\n<\/form>\n<\/div>\n<\/div>\t\t\t\t<\/div>\n\t\t\t\t<\/div>\n\t\t\t\t\t<\/div>\n\t\t<\/div>\n\t\t\t\t\t<\/div>\n\t\t<\/section>\n\t\t<div class=\"elementor-element elementor-element-45756f1 e-con-full e-flex e-con e-parent\" data-id=\"45756f1\" data-element_type=\"container\" data-e-type=\"container\">\n\t\t<div class=\"elementor-element elementor-element-4f3056e e-con-full e-flex e-con e-child\" data-id=\"4f3056e\" data-element_type=\"container\" data-e-type=\"container\">\n\t\t\t\t<div class=\"elementor-element elementor-element-b0f38e5 elementor-widget elementor-widget-google_maps\" data-id=\"b0f38e5\" data-element_type=\"widget\" data-e-type=\"widget\" data-widget_type=\"google_maps.default\">\n\t\t\t\t<div class=\"elementor-widget-container\">\n\t\t\t\t\t\t\t<div class=\"elementor-custom-embed\">\n\t\t\t<iframe loading=\"lazy\"\n\t\t\t\t\tsrc=\"https:\/\/maps.google.com\/maps?q=Nextop%20Marketing%20Santo%20Domingo&#038;t=m&#038;z=15&#038;output=embed&#038;iwloc=near\"\n\t\t\t\t\ttitle=\"Nextop Marketing Santo Domingo\"\n\t\t\t\t\taria-label=\"Nextop Marketing Santo Domingo\"\n\t\t\t><\/iframe>\n\t\t<\/div>\n\t\t\t\t\t\t<\/div>\n\t\t\t\t<\/div>\n\t\t\t\t<\/div>\n\t\t<div class=\"elementor-element elementor-element-58177aa e-con-full e-flex e-con e-child\" data-id=\"58177aa\" data-element_type=\"container\" data-e-type=\"container\">\n\t\t\t\t<div class=\"elementor-element elementor-element-299ddf0 elementor-widget elementor-widget-google_maps\" data-id=\"299ddf0\" data-element_type=\"widget\" data-e-type=\"widget\" data-widget_type=\"google_maps.default\">\n\t\t\t\t<div class=\"elementor-widget-container\">\n\t\t\t\t\t\t\t<div class=\"elementor-custom-embed\">\n\t\t\t<iframe loading=\"lazy\"\n\t\t\t\t\tsrc=\"https:\/\/maps.google.com\/maps?q=nextop%20marketing%20PR&#038;t=m&#038;z=15&#038;output=embed&#038;iwloc=near\"\n\t\t\t\t\ttitle=\"nextop marketing PR\"\n\t\t\t\t\taria-label=\"nextop marketing PR\"\n\t\t\t><\/iframe>\n\t\t<\/div>\n\t\t\t\t\t\t<\/div>\n\t\t\t\t<\/div>\n\t\t\t\t<\/div>\n\t\t\t\t<\/div>\n\t\t\t\t<\/div>\n\t\t","protected":false},"excerpt":{"rendered":"<p>Detalles de contacto Nuestros Contactos Ll\u00e1menos o vis\u00edtenos en cualquier momento, nos esforzamos por responder todas las consultas dentro de las 24 horas en d\u00edas h\u00e1biles. Estaremos encantados de responder a sus preguntas. Nuestras direcci\u00f3nes: Av. John F. Kennedy 88, Santo Domingo 10601 1225 Av. Juan Ponce de Le\u00f3n PH &#8211; 1680, San Juan, 00907 [&hellip;]<\/p>\n","protected":false},"author":1,"featured_media":0,"parent":0,"menu_order":0,"comment_status":"closed","ping_status":"closed","template":"","meta":{"footnotes":""},"class_list":["post-109","page","type-page","status-publish","hentry"],"_links":{"self":[{"href":"https:\/\/nextopmarketing.com\/index.php?rest_route=\/wp\/v2\/pages\/109","targetHints":{"allow":["GET"]}}],"collection":[{"href":"https:\/\/nextopmarketing.com\/index.php?rest_route=\/wp\/v2\/pages"}],"about":[{"href":"https:\/\/nextopmarketing.com\/index.php?rest_route=\/wp\/v2\/types\/page"}],"author":[{"embeddable":true,"href":"https:\/\/nextopmarketing.com\/index.php?rest_route=\/wp\/v2\/users\/1"}],"replies":[{"embeddable":true,"href":"https:\/\/nextopmarketing.com\/index.php?rest_route=%2Fwp%2Fv2%2Fcomments&post=109"}],"version-history":[{"count":55,"href":"https:\/\/nextopmarketing.com\/index.php?rest_route=\/wp\/v2\/pages\/109\/revisions"}],"predecessor-version":[{"id":5134,"href":"https:\/\/nextopmarketing.com\/index.php?rest_route=\/wp\/v2\/pages\/109\/revisions\/5134"}],"wp:attachment":[{"href":"https:\/\/nextopmarketing.com\/index.php?rest_route=%2Fwp%2Fv2%2Fmedia&parent=109"}],"curies":[{"name":"wp","href":"https:\/\/api.w.org\/{rel}","templated":true}]}}